{"id":687,"date":"2017-05-10T22:58:07","date_gmt":"2017-05-10T22:58:07","guid":{"rendered":"http:\/\/www.pfarrei-duernsricht-wolfring.de\/?page_id=687"},"modified":"2026-04-02T14:04:02","modified_gmt":"2026-04-02T12:04:02","slug":"seniorengruppe","status":"publish","type":"page","link":"https:\/\/www.pfarrei-due-wo.de\/?page_id=687","title":{"rendered":"Seniorengruppe"},"content":{"rendered":"<p style=\"text-align: center;\"><img data-recalc-dims=\"1\" loading=\"lazy\" decoding=\"async\" data-attachment-id=\"10886\" data-permalink=\"https:\/\/www.pfarrei-due-wo.de\/?attachment_id=10886\" data-orig-file=\"https:\/\/i0.wp.com\/www.pfarrei-due-wo.de\/wp-content\/uploads\/2023\/10\/senioren_oktoberrosenkranz_1-scaled.jpg?fit=2560%2C1707&amp;ssl=1\" data-orig-size=\"2560,1707\" data-comments-opened=\"0\" data-image-meta=\"{&quot;aperture&quot;:&quot;7.1&quot;,&quot;credit&quot;:&quot;&quot;,&quot;camera&quot;:&quot;Canon EOS 700D&quot;,&quot;caption&quot;:&quot;&quot;,&quot;created_timestamp&quot;:&quot;1697118579&quot;,&quot;copyright&quot;:&quot;&quot;,&quot;focal_length&quot;:&quot;20&quot;,&quot;iso&quot;:&quot;100&quot;,&quot;shutter_speed&quot;:&quot;0.02&quot;,&quot;title&quot;:&quot;&quot;,&quot;orientation&quot;:&quot;1&quot;}\" data-image-title=\"senioren_oktoberrosenkranz_1\" data-image-description=\"\" data-image-caption=\"\" data-large-file=\"https:\/\/i0.wp.com\/www.pfarrei-due-wo.de\/wp-content\/uploads\/2023\/10\/senioren_oktoberrosenkranz_1-scaled.jpg?fit=750%2C500&amp;ssl=1\" class=\"aligncenter size-large wp-image-10886\" src=\"https:\/\/i0.wp.com\/www.pfarrei-due-wo.de\/wp-content\/uploads\/2023\/10\/senioren_oktoberrosenkranz_1.jpg?resize=750%2C500&#038;ssl=1\" alt=\"\" width=\"750\" height=\"500\" srcset=\"https:\/\/i0.wp.com\/www.pfarrei-due-wo.de\/wp-content\/uploads\/2023\/10\/senioren_oktoberrosenkranz_1-scaled.jpg?resize=1024%2C683&amp;ssl=1 1024w, https:\/\/i0.wp.com\/www.pfarrei-due-wo.de\/wp-content\/uploads\/2023\/10\/senioren_oktoberrosenkranz_1-scaled.jpg?resize=300%2C200&amp;ssl=1 300w, https:\/\/i0.wp.com\/www.pfarrei-due-wo.de\/wp-content\/uploads\/2023\/10\/senioren_oktoberrosenkranz_1-scaled.jpg?resize=768%2C512&amp;ssl=1 768w, https:\/\/i0.wp.com\/www.pfarrei-due-wo.de\/wp-content\/uploads\/2023\/10\/senioren_oktoberrosenkranz_1-scaled.jpg?resize=1536%2C1024&amp;ssl=1 1536w, https:\/\/i0.wp.com\/www.pfarrei-due-wo.de\/wp-content\/uploads\/2023\/10\/senioren_oktoberrosenkranz_1-scaled.jpg?resize=2048%2C1365&amp;ssl=1 2048w, https:\/\/i0.wp.com\/www.pfarrei-due-wo.de\/wp-content\/uploads\/2023\/10\/senioren_oktoberrosenkranz_1-scaled.jpg?w=2250&amp;ssl=1 2250w\" sizes=\"auto, (max-width: 750px) 100vw, 750px\" \/><\/p>\n<p>&nbsp;<\/p>\n<p>Liebe Seniorinnen und Senioren,<\/p>\n<p>bitte wendet Euch mit Fragen, W\u00fcnschen, Anregungen und Vorschl\u00e4gen an die Leitung der Seniorengruppe:<\/p>\n<p>Mathilde Schie\u00dflbauer und Magdalena Schimdbauer<\/p>\n<p>Angesprochen sind alle \u00e4lteren Gemeindemitglieder, die gerne einige unterhaltsame Stunden gemeinsam verbringen m\u00f6chten. Kommt einfach zu unseren Veranstaltungen. Die Termine werden auf dieser Seite, \u00fcber den Pfarrbrief und \u00fcber die Presse bekannt gegeben. Bei Bedarf bem\u00fchen wir uns um Fahrgelegenheiten.<\/p>\n<p>Termine:<\/p>\n<p>&nbsp;<\/p>\n","protected":false},"excerpt":{"rendered":"<p>&nbsp; Liebe Seniorinnen und Senioren, bitte wendet Euch mit Fragen, W\u00fcnschen, Anregungen und Vorschl\u00e4gen an die Leitung der Seniorengruppe: Mathilde Schie\u00dflbauer und Magdalena Schimdbauer Angesprochen sind alle \u00e4lteren Gemeindemitglieder, die &hellip; <\/p>\n","protected":false},"author":4,"featured_media":0,"parent":0,"menu_order":0,"comment_status":"closed","ping_status":"closed","template":"","meta":{"jetpack_post_was_ever_published":false,"footnotes":""},"class_list":["post-687","page","type-page","status-publish","hentry"],"jetpack_sharing_enabled":false,"jetpack_shortlink":"https:\/\/wp.me\/P8HCtc-b5","jetpack-related-posts":[{"id":96,"url":"https:\/\/www.pfarrei-due-wo.de\/?page_id=96","url_meta":{"origin":687,"position":0},"title":"Gruppen &#038; Vereine","author":"Matthias Heimler","date":"6. Mai 2017","format":false,"excerpt":"In der Pfarrei D\u00fcrnsricht-Wolfring mit Expositur H\u00f6gling gibt es viele kirchliche Gruppen und Vereine. Hier k\u00f6nnen Sie sich dar\u00fcber informieren: Kirchenchor D\u00fcrnsricht-Wolfring Kirchenchor H\u00f6gling Charisma Kinderchor Glorificamus Familiengottesdienstteam Eltern-Kind-Gruppen Ministranten Seniorengruppe Kirchliche Vereine in der Pfarrei","rel":"","context":"\u00c4hnlicher Beitrag","block_context":{"text":"\u00c4hnlicher Beitrag","link":""},"img":{"alt_text":"","src":"","width":0,"height":0},"classes":[]},{"id":5235,"url":"https:\/\/www.pfarrei-due-wo.de\/?page_id=5235","url_meta":{"origin":687,"position":1},"title":"KAB Aktuelles","author":"Matthias Heimler","date":"5. November 2020","format":false,"excerpt":"Ortsverein | Aktuelles | Leitbild | Mitgliedschaft Termine 11.07. und 14.11.2024, Rechtsstellensprechtag 13:00-14:00 Uhr, Amberg, Sozialzentrum, Dreifaltigkeitsstr. 3 14:30-15:30 Uhr, Schwandorf, Sozialzentrum, Ettmannsdorfer Str. 19-21 16:30-17:30 Uhr, Cham, Kolpinghaus \u00a0 Aktuelle Themen der KAB Deutschlands KAB Deutschlands e.V. \u00a0 Aktuelle Beitr\u00e4ge aus dem KAB-Mitglieder-Magazin Impuls Was ist christliche Arbeit? (pdf)\u2026","rel":"","context":"\u00c4hnlicher Beitrag","block_context":{"text":"\u00c4hnlicher Beitrag","link":""},"img":{"alt_text":"","src":"https:\/\/i0.wp.com\/www.pfarrei-due-wo.de\/wp-content\/uploads\/2021\/07\/kab_slogan.gif?resize=350%2C200","width":350,"height":200,"srcset":"https:\/\/i0.wp.com\/www.pfarrei-due-wo.de\/wp-content\/uploads\/2021\/07\/kab_slogan.gif?resize=350%2C200 1x, https:\/\/i0.wp.com\/www.pfarrei-due-wo.de\/wp-content\/uploads\/2021\/07\/kab_slogan.gif?resize=525%2C300 1.5x, https:\/\/i0.wp.com\/www.pfarrei-due-wo.de\/wp-content\/uploads\/2021\/07\/kab_slogan.gif?resize=700%2C400 2x"},"classes":[]},{"id":5191,"url":"https:\/\/www.pfarrei-due-wo.de\/?page_id=5191","url_meta":{"origin":687,"position":2},"title":"KAB Leitbild","author":"Matthias Heimler","date":"4. November 2020","format":false,"excerpt":"Ortsverein | Aktuelles | Leitbild | Mitgliedschaft Die Katholische Arbeitnehmer-Bewegung ist ein starker Sozialverband, in dem etwa 100.000 M\u00e4nner und Frauen bundesweit organisiert sind. Die Aktivit\u00e4ten der KAB richten sich nicht ausschlie\u00dflich an die eigenen Mitglieder, sondern stehen allen offen, die sich den gesellschaftspolitischen Zielen der KAB verpflichtet f\u00fchlen. Nach\u2026","rel":"","context":"\u00c4hnlicher Beitrag","block_context":{"text":"\u00c4hnlicher Beitrag","link":""},"img":{"alt_text":"","src":"https:\/\/i0.wp.com\/www.pfarrei-due-wo.de\/wp-content\/uploads\/2020\/11\/kab_logo.jpg?resize=350%2C200","width":350,"height":200},"classes":[]},{"id":5202,"url":"https:\/\/www.pfarrei-due-wo.de\/?page_id=5202","url_meta":{"origin":687,"position":3},"title":"KAB Mitgliedschaft","author":"Matthias Heimler","date":"4. November 2020","format":false,"excerpt":"Ortsverein | Aktuelles | Leitbild | Mitgliedschaft Die KAB macht Politik f\u00fcr die Interessen von Arbeitnehmerinnen und Arbeitnehmern, f\u00fcr Auszubildende und Arbeitslose, f\u00fcr Frauen, Familien, \u00e4ltere Menschen und sozial Benachteiligte. Dies ist m\u00f6glich in einem starken Verband mit deutschlandweit \u00fcber 100.000 Menschen. Mitgliedschaftsart Jahresbeitrag Einzelmitglied 48,00 \u20ac Verg\u00fcnstige Familienmitgliedschaft (auch\u2026","rel":"","context":"\u00c4hnlicher Beitrag","block_context":{"text":"\u00c4hnlicher Beitrag","link":""},"img":{"alt_text":"","src":"https:\/\/i0.wp.com\/www.pfarrei-due-wo.de\/wp-content\/uploads\/2021\/07\/kab_slogan.gif?resize=350%2C200","width":350,"height":200,"srcset":"https:\/\/i0.wp.com\/www.pfarrei-due-wo.de\/wp-content\/uploads\/2021\/07\/kab_slogan.gif?resize=350%2C200 1x, https:\/\/i0.wp.com\/www.pfarrei-due-wo.de\/wp-content\/uploads\/2021\/07\/kab_slogan.gif?resize=525%2C300 1.5x, https:\/\/i0.wp.com\/www.pfarrei-due-wo.de\/wp-content\/uploads\/2021\/07\/kab_slogan.gif?resize=700%2C400 2x"},"classes":[]},{"id":2769,"url":"https:\/\/www.pfarrei-due-wo.de\/?page_id=2769","url_meta":{"origin":687,"position":4},"title":"Krippendarstellung in der Pfarrkirche","author":"Matthias Heimler","date":"2. Dezember 2018","format":false,"excerpt":"Die \u201eGeburt\u201c der Weihnachtskrippe Der Heilige Franz von Assisi stellte die Weihnachtsgeschichte nachweislich erstmals im Jahre 1223 mit lebenden Personen und Tieren nach. Als Schauplatz w\u00e4hlte er eine Futterkrippe in einem Wald nahe des Klosters Greccio in Italien. Er nutzte die anschauliche Szenerie, um Gl\u00e4ubigen, die nicht lesen konnten, das\u2026","rel":"","context":"\u00c4hnlicher Beitrag","block_context":{"text":"\u00c4hnlicher Beitrag","link":""},"img":{"alt_text":"","src":"https:\/\/i0.wp.com\/www.pfarrei-due-wo.de\/wp-content\/uploads\/2017\/12\/krippe_duernsricht_1.jpg?fit=1200%2C811&ssl=1&resize=350%2C200","width":350,"height":200,"srcset":"https:\/\/i0.wp.com\/www.pfarrei-due-wo.de\/wp-content\/uploads\/2017\/12\/krippe_duernsricht_1.jpg?fit=1200%2C811&ssl=1&resize=350%2C200 1x, https:\/\/i0.wp.com\/www.pfarrei-due-wo.de\/wp-content\/uploads\/2017\/12\/krippe_duernsricht_1.jpg?fit=1200%2C811&ssl=1&resize=525%2C300 1.5x, https:\/\/i0.wp.com\/www.pfarrei-due-wo.de\/wp-content\/uploads\/2017\/12\/krippe_duernsricht_1.jpg?fit=1200%2C811&ssl=1&resize=700%2C400 2x, https:\/\/i0.wp.com\/www.pfarrei-due-wo.de\/wp-content\/uploads\/2017\/12\/krippe_duernsricht_1.jpg?fit=1200%2C811&ssl=1&resize=1050%2C600 3x"},"classes":[]},{"id":6867,"url":"https:\/\/www.pfarrei-due-wo.de\/?page_id=6867","url_meta":{"origin":687,"position":5},"title":"Katholischer Friedhof St. Michael","author":"Matthias Heimler","date":"30. November 2021","format":false,"excerpt":"Dem gelebten Leben Respekt, Achtung und Andenken Unser Friedhof ist ein Ort, an dem wir dem gelebten Leben eines Menschen mit Respekt begegnen, sein Andenken bewahren und ehren. Wir wollen unsere Verstorbenen mit Respekt bestatten und den trauernden Angeh\u00f6rigen und Freunden einen Ort bieten, an dem ihre Trauer einen festen\u2026","rel":"","context":"\u00c4hnlicher Beitrag","block_context":{"text":"\u00c4hnlicher Beitrag","link":""},"img":{"alt_text":"","src":"https:\/\/i0.wp.com\/www.pfarrei-due-wo.de\/wp-content\/uploads\/2020\/04\/2014-Wo-Kirche-01-300x200.jpg?resize=350%2C200","width":350,"height":200},"classes":[]}],"publishpress_future_action":{"enabled":false,"date":"2026-05-09 20:29:20","action":"change-status","newStatus":"draft","terms":[],"taxonomy":"","extraData":[]},"publishpress_future_workflow_manual_trigger":{"enabledWorkflows":[]},"_links":{"self":[{"href":"https:\/\/www.pfarrei-due-wo.de\/index.php?rest_route=\/wp\/v2\/pages\/687","targetHints":{"allow":["GET"]}}],"collection":[{"href":"https:\/\/www.pfarrei-due-wo.de\/index.php?rest_route=\/wp\/v2\/pages"}],"about":[{"href":"https:\/\/www.pfarrei-due-wo.de\/index.php?rest_route=\/wp\/v2\/types\/page"}],"author":[{"embeddable":true,"href":"https:\/\/www.pfarrei-due-wo.de\/index.php?rest_route=\/wp\/v2\/users\/4"}],"replies":[{"embeddable":true,"href":"https:\/\/www.pfarrei-due-wo.de\/index.php?rest_route=%2Fwp%2Fv2%2Fcomments&post=687"}],"version-history":[{"count":47,"href":"https:\/\/www.pfarrei-due-wo.de\/index.php?rest_route=\/wp\/v2\/pages\/687\/revisions"}],"predecessor-version":[{"id":13727,"href":"https:\/\/www.pfarrei-due-wo.de\/index.php?rest_route=\/wp\/v2\/pages\/687\/revisions\/13727"}],"wp:attachment":[{"href":"https:\/\/www.pfarrei-due-wo.de\/index.php?rest_route=%2Fwp%2Fv2%2Fmedia&parent=687"}],"curies":[{"name":"wp","href":"https:\/\/api.w.org\/{rel}","templated":true}]}}