{"id":671,"date":"2017-05-10T22:36:46","date_gmt":"2017-05-10T22:36:46","guid":{"rendered":"http:\/\/www.pfarrei-duernsricht-wolfring.de\/?page_id=671"},"modified":"2023-07-11T14:16:39","modified_gmt":"2023-07-11T12:16:39","slug":"glorificamus-2","status":"publish","type":"page","link":"https:\/\/www.pfarrei-due-wo.de\/?page_id=671","title":{"rendered":"Glorificamus"},"content":{"rendered":"<p>Im April 2012 hat sich nach ca. 20 Jahren Unterbrechung das &#8222;Singteam 1&#8220; wieder zu einem Gottesdienst zusammengefunden und gestaltet seitdem in neuer Formation Gottesdienste und andere besondere Anl\u00e4sse. Im Dezember 2013 haben wir uns f\u00fcr den Namen &#8222;Glorificamus&#8220; (lat. &#8222;wir preisen&#8220;) entschieden. Wir sind ein Chor f\u00fcr Neues Geistliches Lied und singen dreistimmig. Gitarre, E-Piano und Fl\u00f6te begleiten unseren Gesang. Neue S\u00e4nger\/innen (Jugendliche, junge Erwachsene, Junggebliebene) sind uns jederzeit willkommen.<\/p>\n<p>Kontakt: Birgit Ries (Tel.: 09438\/4201, E-Mail: birgit.ries@t-online.de)<\/p>\n<p>&nbsp;<\/p>\n<p><img data-recalc-dims=\"1\" loading=\"lazy\" decoding=\"async\" data-attachment-id=\"10265\" data-permalink=\"https:\/\/www.pfarrei-due-wo.de\/?attachment_id=10265\" data-orig-file=\"https:\/\/i0.wp.com\/www.pfarrei-due-wo.de\/wp-content\/uploads\/2023\/07\/IMG_0722-2-scaled.jpg?fit=2560%2C1920&amp;ssl=1\" data-orig-size=\"2560,1920\" data-comments-opened=\"0\" data-image-meta=\"{&quot;aperture&quot;:&quot;1.6&quot;,&quot;credit&quot;:&quot;&quot;,&quot;camera&quot;:&quot;iPhone 13&quot;,&quot;caption&quot;:&quot;&quot;,&quot;created_timestamp&quot;:&quot;1688502667&quot;,&quot;copyright&quot;:&quot;&quot;,&quot;focal_length&quot;:&quot;5.1&quot;,&quot;iso&quot;:&quot;40&quot;,&quot;shutter_speed&quot;:&quot;0.0083333333333333&quot;,&quot;title&quot;:&quot;&quot;,&quot;orientation&quot;:&quot;0&quot;}\" data-image-title=\"Glorificamus 2023\" data-image-description=\"&lt;p&gt;Foto: Katharina Ries&lt;\/p&gt;\n\" data-image-caption=\"\" data-large-file=\"https:\/\/i0.wp.com\/www.pfarrei-due-wo.de\/wp-content\/uploads\/2023\/07\/IMG_0722-2-scaled.jpg?fit=750%2C563&amp;ssl=1\" class=\"alignleft wp-image-10265 size-large\" src=\"https:\/\/i0.wp.com\/www.pfarrei-due-wo.de\/wp-content\/uploads\/2023\/07\/IMG_0722-2.jpg?resize=750%2C563&#038;ssl=1\" alt=\"\" width=\"750\" height=\"563\" srcset=\"https:\/\/i0.wp.com\/www.pfarrei-due-wo.de\/wp-content\/uploads\/2023\/07\/IMG_0722-2-scaled.jpg?resize=1024%2C768&amp;ssl=1 1024w, https:\/\/i0.wp.com\/www.pfarrei-due-wo.de\/wp-content\/uploads\/2023\/07\/IMG_0722-2-scaled.jpg?resize=300%2C225&amp;ssl=1 300w, https:\/\/i0.wp.com\/www.pfarrei-due-wo.de\/wp-content\/uploads\/2023\/07\/IMG_0722-2-scaled.jpg?resize=768%2C576&amp;ssl=1 768w, https:\/\/i0.wp.com\/www.pfarrei-due-wo.de\/wp-content\/uploads\/2023\/07\/IMG_0722-2-scaled.jpg?resize=1536%2C1152&amp;ssl=1 1536w, https:\/\/i0.wp.com\/www.pfarrei-due-wo.de\/wp-content\/uploads\/2023\/07\/IMG_0722-2-scaled.jpg?resize=2048%2C1536&amp;ssl=1 2048w, https:\/\/i0.wp.com\/www.pfarrei-due-wo.de\/wp-content\/uploads\/2023\/07\/IMG_0722-2-scaled.jpg?w=2250&amp;ssl=1 2250w\" sizes=\"auto, (max-width: 750px) 100vw, 750px\" \/><\/p>\n","protected":false},"excerpt":{"rendered":"<p>Im April 2012 hat sich nach ca. 20 Jahren Unterbrechung das &#8222;Singteam 1&#8220; wieder zu einem Gottesdienst zusammengefunden und gestaltet seitdem in neuer Formation Gottesdienste und andere besondere Anl\u00e4sse. Im &hellip; <\/p>\n","protected":false},"author":4,"featured_media":10266,"parent":0,"menu_order":0,"comment_status":"closed","ping_status":"closed","template":"","meta":{"jetpack_post_was_ever_published":false,"footnotes":""},"class_list":["post-671","page","type-page","status-publish","has-post-thumbnail","hentry"],"jetpack_sharing_enabled":true,"jetpack_shortlink":"https:\/\/wp.me\/P8HCtc-aP","jetpack-related-posts":[{"id":96,"url":"https:\/\/www.pfarrei-due-wo.de\/?page_id=96","url_meta":{"origin":671,"position":0},"title":"Gruppen &#038; Vereine","author":"Matthias Heimler","date":"6. Mai 2017","format":false,"excerpt":"In der Pfarrei D\u00fcrnsricht-Wolfring mit Expositur H\u00f6gling gibt es viele kirchliche Gruppen und Vereine. Hier k\u00f6nnen Sie sich dar\u00fcber informieren: Kirchenchor D\u00fcrnsricht-Wolfring Kirchenchor H\u00f6gling Charisma Kinderchor Glorificamus Familiengottesdienstteam Eltern-Kind-Gruppen Ministranten Seniorengruppe Kirchliche Vereine in der Pfarrei","rel":"","context":"\u00c4hnlicher Beitrag","block_context":{"text":"\u00c4hnlicher Beitrag","link":""},"img":{"alt_text":"","src":"","width":0,"height":0},"classes":[]},{"id":6867,"url":"https:\/\/www.pfarrei-due-wo.de\/?page_id=6867","url_meta":{"origin":671,"position":1},"title":"Katholischer Friedhof St. Michael","author":"Matthias Heimler","date":"30. November 2021","format":false,"excerpt":"Dem gelebten Leben Respekt, Achtung und Andenken Unser Friedhof ist ein Ort, an dem wir dem gelebten Leben eines Menschen mit Respekt begegnen, sein Andenken bewahren und ehren. Wir wollen unsere Verstorbenen mit Respekt bestatten und den trauernden Angeh\u00f6rigen und Freunden einen Ort bieten, an dem ihre Trauer einen festen\u2026","rel":"","context":"\u00c4hnlicher Beitrag","block_context":{"text":"\u00c4hnlicher Beitrag","link":""},"img":{"alt_text":"","src":"https:\/\/i0.wp.com\/www.pfarrei-due-wo.de\/wp-content\/uploads\/2020\/04\/2014-Wo-Kirche-01-300x200.jpg?resize=350%2C200","width":350,"height":200},"classes":[]},{"id":2769,"url":"https:\/\/www.pfarrei-due-wo.de\/?page_id=2769","url_meta":{"origin":671,"position":2},"title":"Krippendarstellung in der Pfarrkirche","author":"Matthias Heimler","date":"2. Dezember 2018","format":false,"excerpt":"Die \u201eGeburt\u201c der Weihnachtskrippe Der Heilige Franz von Assisi stellte die Weihnachtsgeschichte nachweislich erstmals im Jahre 1223 mit lebenden Personen und Tieren nach. Als Schauplatz w\u00e4hlte er eine Futterkrippe in einem Wald nahe des Klosters Greccio in Italien. Er nutzte die anschauliche Szenerie, um Gl\u00e4ubigen, die nicht lesen konnten, das\u2026","rel":"","context":"\u00c4hnlicher Beitrag","block_context":{"text":"\u00c4hnlicher Beitrag","link":""},"img":{"alt_text":"","src":"https:\/\/i0.wp.com\/www.pfarrei-due-wo.de\/wp-content\/uploads\/2017\/12\/krippe_duernsricht_1.jpg?fit=1200%2C811&ssl=1&resize=350%2C200","width":350,"height":200,"srcset":"https:\/\/i0.wp.com\/www.pfarrei-due-wo.de\/wp-content\/uploads\/2017\/12\/krippe_duernsricht_1.jpg?fit=1200%2C811&ssl=1&resize=350%2C200 1x, https:\/\/i0.wp.com\/www.pfarrei-due-wo.de\/wp-content\/uploads\/2017\/12\/krippe_duernsricht_1.jpg?fit=1200%2C811&ssl=1&resize=525%2C300 1.5x, https:\/\/i0.wp.com\/www.pfarrei-due-wo.de\/wp-content\/uploads\/2017\/12\/krippe_duernsricht_1.jpg?fit=1200%2C811&ssl=1&resize=700%2C400 2x, https:\/\/i0.wp.com\/www.pfarrei-due-wo.de\/wp-content\/uploads\/2017\/12\/krippe_duernsricht_1.jpg?fit=1200%2C811&ssl=1&resize=1050%2C600 3x"},"classes":[]},{"id":5755,"url":"https:\/\/www.pfarrei-due-wo.de\/?page_id=5755","url_meta":{"origin":671,"position":3},"title":"Formulare Firmvorbereitung","author":"Matthias Heimler","date":"24. Februar 2021","format":false,"excerpt":"Beschreibung\u00a0 |\u00a0 Firmbuch\u00a0 |\u00a0 Aufgaben |\u00a0 Formulare \u00a0 Datenschutz Uns ist der Schutz Deiner Daten (Bilder, Name, Texte,...) sehr wichtig. Wir wollen unser M\u00f6glichstes dazutun, dass diese Daten in keine falschen H\u00e4nde geraten. Dennoch brauchen wir Dein Einverst\u00e4ndnis f\u00fcr die Nutzung Deiner Daten. Bitte lade das folgende Dokument herunter, f\u00fclle\u2026","rel":"","context":"\u00c4hnlicher Beitrag","block_context":{"text":"\u00c4hnlicher Beitrag","link":""},"img":{"alt_text":"","src":"https:\/\/i0.wp.com\/www.pfarrei-due-wo.de\/wp-content\/uploads\/2021\/02\/Header3-Firmbuch-Kopie-scaled.jpg?fit=1200%2C100&ssl=1&resize=350%2C200","width":350,"height":200,"srcset":"https:\/\/i0.wp.com\/www.pfarrei-due-wo.de\/wp-content\/uploads\/2021\/02\/Header3-Firmbuch-Kopie-scaled.jpg?fit=1200%2C100&ssl=1&resize=350%2C200 1x, https:\/\/i0.wp.com\/www.pfarrei-due-wo.de\/wp-content\/uploads\/2021\/02\/Header3-Firmbuch-Kopie-scaled.jpg?fit=1200%2C100&ssl=1&resize=525%2C300 1.5x, https:\/\/i0.wp.com\/www.pfarrei-due-wo.de\/wp-content\/uploads\/2021\/02\/Header3-Firmbuch-Kopie-scaled.jpg?fit=1200%2C100&ssl=1&resize=700%2C400 2x, https:\/\/i0.wp.com\/www.pfarrei-due-wo.de\/wp-content\/uploads\/2021\/02\/Header3-Firmbuch-Kopie-scaled.jpg?fit=1200%2C100&ssl=1&resize=1050%2C600 3x"},"classes":[]},{"id":5191,"url":"https:\/\/www.pfarrei-due-wo.de\/?page_id=5191","url_meta":{"origin":671,"position":4},"title":"KAB Leitbild","author":"Matthias Heimler","date":"4. November 2020","format":false,"excerpt":"Ortsverein | Aktuelles | Leitbild | Mitgliedschaft Die Katholische Arbeitnehmer-Bewegung ist ein starker Sozialverband, in dem etwa 100.000 M\u00e4nner und Frauen bundesweit organisiert sind. Die Aktivit\u00e4ten der KAB richten sich nicht ausschlie\u00dflich an die eigenen Mitglieder, sondern stehen allen offen, die sich den gesellschaftspolitischen Zielen der KAB verpflichtet f\u00fchlen. Nach\u2026","rel":"","context":"\u00c4hnlicher Beitrag","block_context":{"text":"\u00c4hnlicher Beitrag","link":""},"img":{"alt_text":"","src":"https:\/\/i0.wp.com\/www.pfarrei-due-wo.de\/wp-content\/uploads\/2020\/11\/kab_logo.jpg?resize=350%2C200","width":350,"height":200},"classes":[]},{"id":104,"url":"https:\/\/www.pfarrei-due-wo.de\/?page_id=104","url_meta":{"origin":671,"position":5},"title":"Impressum","author":"Matthias Heimler","date":"6. Mai 2017","format":false,"excerpt":"Angaben gem\u00e4\u00df \u00a7 5 TMG Katholische Kirchenstiftung D\u00fcrnsricht-Wolfring Kirchplatz 2 92269 Fensterbach Tel.: 09438\/295 Fax: 09438\/943475 E-Mail: pfarrer@pfarrei-due-wo.de Homepage: www.pfarrei-due-wo.de Die Kath. Kirchenstiftung D\u00fcrnsricht-Wolfring ist eine Stiftung des \u00f6ffentlichen Rechts und wird durch die Kirchenverwaltung und diese wiederum durch den Kirchenverwaltungsvorstand vertreten. Kirchenverwaltungsvorstand: Pfarrer Celestine Joseph Thazhuppil Inhaltlich verantwortlich f\u00fcr\u2026","rel":"","context":"\u00c4hnlicher Beitrag","block_context":{"text":"\u00c4hnlicher Beitrag","link":""},"img":{"alt_text":"","src":"","width":0,"height":0},"classes":[]}],"publishpress_future_action":{"enabled":false,"date":"2026-04-27 12:57:01","action":"change-status","newStatus":"draft","terms":[],"taxonomy":"","extraData":[]},"publishpress_future_workflow_manual_trigger":{"enabledWorkflows":[]},"_links":{"self":[{"href":"https:\/\/www.pfarrei-due-wo.de\/index.php?rest_route=\/wp\/v2\/pages\/671","targetHints":{"allow":["GET"]}}],"collection":[{"href":"https:\/\/www.pfarrei-due-wo.de\/index.php?rest_route=\/wp\/v2\/pages"}],"about":[{"href":"https:\/\/www.pfarrei-due-wo.de\/index.php?rest_route=\/wp\/v2\/types\/page"}],"author":[{"embeddable":true,"href":"https:\/\/www.pfarrei-due-wo.de\/index.php?rest_route=\/wp\/v2\/users\/4"}],"replies":[{"embeddable":true,"href":"https:\/\/www.pfarrei-due-wo.de\/index.php?rest_route=%2Fwp%2Fv2%2Fcomments&post=671"}],"version-history":[{"count":3,"href":"https:\/\/www.pfarrei-due-wo.de\/index.php?rest_route=\/wp\/v2\/pages\/671\/revisions"}],"predecessor-version":[{"id":10267,"href":"https:\/\/www.pfarrei-due-wo.de\/index.php?rest_route=\/wp\/v2\/pages\/671\/revisions\/10267"}],"wp:featuredmedia":[{"embeddable":true,"href":"https:\/\/www.pfarrei-due-wo.de\/index.php?rest_route=\/wp\/v2\/media\/10266"}],"wp:attachment":[{"href":"https:\/\/www.pfarrei-due-wo.de\/index.php?rest_route=%2Fwp%2Fv2%2Fmedia&parent=671"}],"curies":[{"name":"wp","href":"https:\/\/api.w.org\/{rel}","templated":true}]}}